{"id":1522,"date":"2026-05-02T09:21:17","date_gmt":"2026-05-02T07:21:17","guid":{"rendered":"https:\/\/wunderglaubeliebe.de\/?post_type=product&#038;p=1522"},"modified":"2026-05-11T19:00:15","modified_gmt":"2026-05-11T17:00:15","slug":"gedankenmeer-set","status":"publish","type":"product","link":"https:\/\/wunderglaubeliebe.de\/?product=gedankenmeer-set","title":{"rendered":"Gedankenmeer Set"},"content":{"rendered":"<p>Jedes Heft ist ein von mir handgemaltes und handgebundenes Einzelst\u00fcck im C6-Format aus meiner <em>Gedankenmeer\u00a0Edition<\/em>. Entstanden ist diese k\u00fcnstlerische Serie auf meinem Genesungsweg von Post Covid durch eine besondere Reise ans Meer. Auch das Gedicht ist aus dieser Zeit, die mich sehr tief bewegt hat. Gemeinsam mit einer selbstgestalteten Karte und einer \u00dcbung entsteht ein Raum f\u00fcr Deine Gedanken, Dein Wachstum und Deine ganz eigene innere Reise. Als liebevolle Begleitung zur\u00fcck zu Dir selbst.<\/p>\n","protected":false},"excerpt":{"rendered":"<h6>Meerweite<\/h6>\n<p>Ein Raum f\u00fcr Deine Gedanken, innere Bewegung und Selbstbegegnung mit der Botschaft des Meeres:<\/p>\n<ul>\n<li>Ein handgemaltes &amp; handgebundenes Heft<\/li>\n<li>Ein Gedicht aus einer besonderen Zeit am Meer<\/li>\n<li>Eine selbstgestaltete Karte<\/li>\n<li>Eine \u00dcbung f\u00fcr Deine innere Reise<\/li>\n<\/ul>\n<p>Als liebevolle Begleitung f\u00fcr Dich selbst oder als Geschenk f\u00fcr einen Herzensmenschen.<\/p>\n<p>Limitierte Einzelst\u00fccke mit Signatur.<br data-start=\"795\" data-end=\"798\" \/>Liebevoll verpackt &amp; versendet.<\/p>\n<p><strong>Zu Deinem Gedankenmeer Set. Einfach auf Dein gew\u00fcnschtes Set klicken:<\/strong><\/p>\n<p><a href=\"https:\/\/wunderglaubeliebe.de\/?product=gedankenmeer-2\">Smaragdmeer &#8211; <\/a><a href=\"https:\/\/wunderglaubeliebe.de\/?product=gedankenmeer-set-2\">Meerblau &#8211; <\/a><a href=\"https:\/\/wunderglaubeliebe.de\/?product=gedankenmeer-3\">Sonnenmeer &#8211; <\/a><a href=\"https:\/\/wunderglaubeliebe.de\/?product=gedankenmeer-4\">Meertiefe &#8211; <\/a><a href=\"https:\/\/wunderglaubeliebe.de\/?product=gedankenmeer-set-4\">Mitternachtsmeer &#8211; <\/a><a href=\"https:\/\/wunderglaubeliebe.de\/?product=gedankenmeer-set\">Meerweite &#8211; <\/a><a href=\"https:\/\/wunderglaubeliebe.de\/?product=gedankenmeer-set-5\">T\u00fcrkismeer &#8211; <\/a><a href=\"https:\/\/wunderglaubeliebe.de\/?product=gedankenmeer\">Meergold<\/a><\/p>\n","protected":false},"featured_media":1532,"template":"","meta":{"site-sidebar-layout":"default","site-content-layout":"","ast-site-content-layout":"default","site-content-style":"default","site-sidebar-style":"default","ast-global-header-display":"","ast-banner-title-visibility":"","ast-main-header-display":"","ast-hfb-above-header-display":"","ast-hfb-below-header-display":"","ast-hfb-mobile-header-display":"","site-post-title":"","ast-breadcrumbs-content":"","ast-featured-img":"","footer-sml-layout":"","theme-transparent-header-meta":"default","adv-header-id-meta":"","stick-header-meta":"","header-above-stick-meta":"","header-main-stick-meta":"","header-below-stick-meta":"","astra-migrate-meta-layouts":"set","ast-page-background-enabled":"default","ast-page-background-meta":{"desktop":{"background-color":"var(--ast-global-color-5)","background-image":"","background-repeat":"repeat","background-position":"center center","background-size":"auto","background-attachment":"scroll","background-type":"","background-media":"","overlay-type":"","overlay-color":"","overlay-opacity":"","overlay-gradient":""},"tablet":{"background-color":"","background-image":"","background-repeat":"repeat","background-position":"center center","background-size":"auto","background-attachment":"scroll","background-type":"","background-media":"","overlay-type":"","overlay-color":"","overlay-opacity":"","overlay-gradient":""},"mobile":{"background-color":"","background-image":"","background-repeat":"repeat","background-position":"center center","background-size":"auto","background-attachment":"scroll","background-type":"","background-media":"","overlay-type":"","overlay-color":"","overlay-opacity":"","overlay-gradient":""}},"ast-content-background-meta":{"desktop":{"background-color":"var(--ast-global-color-4)","background-image":"","background-repeat":"repeat","background-position":"center center","background-size":"auto","background-attachment":"scroll","background-type":"","background-media":"","overlay-type":"","overlay-color":"","overlay-opacity":"","overlay-gradient":""},"tablet":{"background-color":"var(--ast-global-color-4)","background-image":"","background-repeat":"repeat","background-position":"center center","background-size":"auto","background-attachment":"scroll","background-type":"","background-media":"","overlay-type":"","overlay-color":"","overlay-opacity":"","overlay-gradient":""},"mobile":{"background-color":"var(--ast-global-color-4)","background-image":"","background-repeat":"repeat","background-position":"center center","background-size":"auto","background-attachment":"scroll","background-type":"","background-media":"","overlay-type":"","overlay-color":"","overlay-opacity":"","overlay-gradient":""}}},"product_brand":[],"product_cat":[43],"product_tag":[],"class_list":{"0":"post-1522","1":"product","2":"type-product","3":"status-publish","4":"has-post-thumbnail","6":"product_cat-gedankenmeer","7":"desktop-align-left","8":"tablet-align-left","9":"mobile-align-left","11":"first","12":"instock","13":"shipping-taxable","14":"purchasable","15":"product-type-simple"},"_links":{"self":[{"href":"https:\/\/wunderglaubeliebe.de\/index.php?rest_route=\/wp\/v2\/product\/1522","targetHints":{"allow":["GET"]}}],"collection":[{"href":"https:\/\/wunderglaubeliebe.de\/index.php?rest_route=\/wp\/v2\/product"}],"about":[{"href":"https:\/\/wunderglaubeliebe.de\/index.php?rest_route=\/wp\/v2\/types\/product"}],"wp:featuredmedia":[{"embeddable":true,"href":"https:\/\/wunderglaubeliebe.de\/index.php?rest_route=\/wp\/v2\/media\/1532"}],"wp:attachment":[{"href":"https:\/\/wunderglaubeliebe.de\/index.php?rest_route=%2Fwp%2Fv2%2Fmedia&parent=1522"}],"wp:term":[{"taxonomy":"product_brand","embeddable":true,"href":"https:\/\/wunderglaubeliebe.de\/index.php?rest_route=%2Fwp%2Fv2%2Fproduct_brand&post=1522"},{"taxonomy":"product_cat","embeddable":true,"href":"https:\/\/wunderglaubeliebe.de\/index.php?rest_route=%2Fwp%2Fv2%2Fproduct_cat&post=1522"},{"taxonomy":"product_tag","embeddable":true,"href":"https:\/\/wunderglaubeliebe.de\/index.php?rest_route=%2Fwp%2Fv2%2Fproduct_tag&post=1522"}],"curies":[{"name":"wp","href":"https:\/\/api.w.org\/{rel}","templated":true}]}}