{"id":1563,"date":"2026-05-10T17:36:53","date_gmt":"2026-05-10T15:36:53","guid":{"rendered":"https:\/\/wunderglaubeliebe.de\/?post_type=product&#038;p=1563"},"modified":"2026-05-12T17:56:22","modified_gmt":"2026-05-12T15:56:22","slug":"hochzeits-poesiebriefe","status":"publish","type":"product","link":"https:\/\/wunderglaubeliebe.de\/?product=hochzeits-poesiebriefe","title":{"rendered":"Hochzeitspoesie"},"content":{"rendered":"<p>Die Einheit aus Namensschild und Gastgeschenk an jedem Platz &#8211; F\u00fcr eure Hochzeit voller Wunder, Glaube und Liebe: Individuell gestaltete farblich zum Gesamtkonzept w\u00e4hlbare Poesie-Briefe mit Namen in Goldschrift, pers\u00f6nlichen Worten, Gedichten, liebevoll selbstgestalteten Karten und kleinen \u00dcbungen, die bewegen und das Herz ber\u00fchren. Jeder Brief ist eine Einladung f\u00fcr mehr Achtsamkeit, Verbindung, Entspannung, Erholung, innere Ruhe, Ankommen und Entdecken von Wundern, Glaube und Liebe.<\/p>\n","protected":false},"excerpt":{"rendered":"<p><strong>Namensschild &amp; Gastgeschenk in einem &#8211; inklusive eigener Hochzeitspoesie f\u00fcr das Brautpaar.<\/strong><\/p>\n<p>F\u00fcr eure Hochzeit voller Wunder, Glaube und Liebe &#8211; an jedem Platz:<\/p>\n<ul>\n<li>Poesie-Briefe<\/li>\n<li>Namen in Goldschrift<\/li>\n<li>Pers\u00f6nliche Worte<\/li>\n<li>Eigene Gedichte<\/li>\n<li>Selbstgestaltete Karten<\/li>\n<li>Kleine Impulse &amp; \u00dcbungen<\/li>\n<\/ul>\n<p>So wird eure Hochzeit zu einem ganz besonderen und nachhaltigen Erlebnis der Liebe.<\/p>\n<p><em>-&gt; Jede Hochzeit ist einzigartig.<\/em>\u00a0<em>Nach eurer Anfrage erhaltet ihr ein pers\u00f6nliches Angebot passend zu eurem Farbkonzept, der G\u00e4steanzahl und euren W\u00fcnschen.<\/em><\/p>\n<p><a href=\"mailto:info@wunderglaubeliebe.de\">Zur Hochzeitspoesie<\/a><\/p>\n","protected":false},"featured_media":1564,"template":"","meta":{"site-sidebar-layout":"default","site-content-layout":"","ast-site-content-layout":"default","site-content-style":"default","site-sidebar-style":"default","ast-global-header-display":"","ast-banner-title-visibility":"","ast-main-header-display":"","ast-hfb-above-header-display":"","ast-hfb-below-header-display":"","ast-hfb-mobile-header-display":"","site-post-title":"","ast-breadcrumbs-content":"","ast-featured-img":"","footer-sml-layout":"","theme-transparent-header-meta":"default","adv-header-id-meta":"","stick-header-meta":"","header-above-stick-meta":"","header-main-stick-meta":"","header-below-stick-meta":"","astra-migrate-meta-layouts":"set","ast-page-background-enabled":"default","ast-page-background-meta":{"desktop":{"background-color":"var(--ast-global-color-5)","background-image":"","background-repeat":"repeat","background-position":"center center","background-size":"auto","background-attachment":"scroll","background-type":"","background-media":"","overlay-type":"","overlay-color":"","overlay-opacity":"","overlay-gradient":""},"tablet":{"background-color":"","background-image":"","background-repeat":"repeat","background-position":"center center","background-size":"auto","background-attachment":"scroll","background-type":"","background-media":"","overlay-type":"","overlay-color":"","overlay-opacity":"","overlay-gradient":""},"mobile":{"background-color":"","background-image":"","background-repeat":"repeat","background-position":"center center","background-size":"auto","background-attachment":"scroll","background-type":"","background-media":"","overlay-type":"","overlay-color":"","overlay-opacity":"","overlay-gradient":""}},"ast-content-background-meta":{"desktop":{"background-color":"var(--ast-global-color-4)","background-image":"","background-repeat":"repeat","background-position":"center center","background-size":"auto","background-attachment":"scroll","background-type":"","background-media":"","overlay-type":"","overlay-color":"","overlay-opacity":"","overlay-gradient":""},"tablet":{"background-color":"var(--ast-global-color-4)","background-image":"","background-repeat":"repeat","background-position":"center center","background-size":"auto","background-attachment":"scroll","background-type":"","background-media":"","overlay-type":"","overlay-color":"","overlay-opacity":"","overlay-gradient":""},"mobile":{"background-color":"var(--ast-global-color-4)","background-image":"","background-repeat":"repeat","background-position":"center center","background-size":"auto","background-attachment":"scroll","background-type":"","background-media":"","overlay-type":"","overlay-color":"","overlay-opacity":"","overlay-gradient":""}}},"product_brand":[],"product_cat":[46],"product_tag":[],"class_list":{"0":"post-1563","1":"product","2":"type-product","3":"status-publish","4":"has-post-thumbnail","6":"product_cat-hochzeitspoesie","7":"desktop-align-left","8":"tablet-align-left","9":"mobile-align-left","11":"first","12":"instock","13":"shipping-taxable","14":"product-type-simple"},"_links":{"self":[{"href":"https:\/\/wunderglaubeliebe.de\/index.php?rest_route=\/wp\/v2\/product\/1563","targetHints":{"allow":["GET"]}}],"collection":[{"href":"https:\/\/wunderglaubeliebe.de\/index.php?rest_route=\/wp\/v2\/product"}],"about":[{"href":"https:\/\/wunderglaubeliebe.de\/index.php?rest_route=\/wp\/v2\/types\/product"}],"wp:featuredmedia":[{"embeddable":true,"href":"https:\/\/wunderglaubeliebe.de\/index.php?rest_route=\/wp\/v2\/media\/1564"}],"wp:attachment":[{"href":"https:\/\/wunderglaubeliebe.de\/index.php?rest_route=%2Fwp%2Fv2%2Fmedia&parent=1563"}],"wp:term":[{"taxonomy":"product_brand","embeddable":true,"href":"https:\/\/wunderglaubeliebe.de\/index.php?rest_route=%2Fwp%2Fv2%2Fproduct_brand&post=1563"},{"taxonomy":"product_cat","embeddable":true,"href":"https:\/\/wunderglaubeliebe.de\/index.php?rest_route=%2Fwp%2Fv2%2Fproduct_cat&post=1563"},{"taxonomy":"product_tag","embeddable":true,"href":"https:\/\/wunderglaubeliebe.de\/index.php?rest_route=%2Fwp%2Fv2%2Fproduct_tag&post=1563"}],"curies":[{"name":"wp","href":"https:\/\/api.w.org\/{rel}","templated":true}]}}