{"id":1575,"date":"2026-05-12T18:10:28","date_gmt":"2026-05-12T16:10:28","guid":{"rendered":"https:\/\/wunderglaubeliebe.de\/?post_type=product&#038;p=1575"},"modified":"2026-05-12T18:10:28","modified_gmt":"2026-05-12T16:10:28","slug":"meine-poesie","status":"publish","type":"product","link":"https:\/\/wunderglaubeliebe.de\/?product=meine-poesie","title":{"rendered":"Meine Poesie"},"content":{"rendered":"<p>Meine poetischen <em>Art Journals<\/em> sind einzigartige handgemalte, handbeschriftete, handgebundene und handbestickte Einzelst\u00fccke mit Signatur &#8211; allesamt entstanden auf meinem Genesungsweg von Post Covid. Gemeinsam mit einem eigenen individuell ausgew\u00e4hlten Gedicht werden sie zum Raum f\u00fcr Deine ganz eigene Poesie, f\u00fcr Deine pers\u00f6nlichen Gedanken, f\u00fcr das, was Dich besch\u00e4ftigt. So er\u00f6ffnen sich Dir neue Wege zur\u00fcck zu Dir selbst. Als Geschenk f\u00fcr Dich oder f\u00fcr einen besonderen Herzensmenschen.<\/p>\n<p>&nbsp;<\/p>\n","protected":false},"excerpt":{"rendered":"<p data-start=\"588\" data-end=\"614\"><strong data-start=\"588\" data-end=\"614\">Poetisches Art Journal<\/strong><\/p>\n<ul>\n<li>Handbeschriftet &amp; handgebunden<\/li>\n<li>Mit einem eigenen Gedicht<\/li>\n<\/ul>\n<p>Als liebevolle Begleitung f\u00fcr Deine Gedanken, f\u00fcr das, was Dich bewegt, ber\u00fchrt und vorw\u00e4rts tr\u00e4gt. Und f\u00fcr mehr Wunder, Glaube &amp; Liebe.<\/p>\n<p data-start=\"771\" data-end=\"829\">Einzelst\u00fcck mit Signatur.<br data-start=\"795\" data-end=\"798\" \/>Inklusive liebevoller Verpackung &amp; Versand.<\/p>\n","protected":false},"featured_media":1419,"template":"","meta":{"site-sidebar-layout":"default","site-content-layout":"","ast-site-content-layout":"default","site-content-style":"default","site-sidebar-style":"default","ast-global-header-display":"","ast-banner-title-visibility":"","ast-main-header-display":"","ast-hfb-above-header-display":"","ast-hfb-below-header-display":"","ast-hfb-mobile-header-display":"","site-post-title":"","ast-breadcrumbs-content":"","ast-featured-img":"","footer-sml-layout":"","theme-transparent-header-meta":"default","adv-header-id-meta":"","stick-header-meta":"","header-above-stick-meta":"","header-main-stick-meta":"","header-below-stick-meta":"","astra-migrate-meta-layouts":"set","ast-page-background-enabled":"default","ast-page-background-meta":{"desktop":{"background-color":"var(--ast-global-color-5)","background-image":"","background-repeat":"repeat","background-position":"center center","background-size":"auto","background-attachment":"scroll","background-type":"","background-media":"","overlay-type":"","overlay-color":"","overlay-opacity":"","overlay-gradient":""},"tablet":{"background-color":"","background-image":"","background-repeat":"repeat","background-position":"center center","background-size":"auto","background-attachment":"scroll","background-type":"","background-media":"","overlay-type":"","overlay-color":"","overlay-opacity":"","overlay-gradient":""},"mobile":{"background-color":"","background-image":"","background-repeat":"repeat","background-position":"center center","background-size":"auto","background-attachment":"scroll","background-type":"","background-media":"","overlay-type":"","overlay-color":"","overlay-opacity":"","overlay-gradient":""}},"ast-content-background-meta":{"desktop":{"background-color":"var(--ast-global-color-4)","background-image":"","background-repeat":"repeat","background-position":"center center","background-size":"auto","background-attachment":"scroll","background-type":"","background-media":"","overlay-type":"","overlay-color":"","overlay-opacity":"","overlay-gradient":""},"tablet":{"background-color":"var(--ast-global-color-4)","background-image":"","background-repeat":"repeat","background-position":"center center","background-size":"auto","background-attachment":"scroll","background-type":"","background-media":"","overlay-type":"","overlay-color":"","overlay-opacity":"","overlay-gradient":""},"mobile":{"background-color":"var(--ast-global-color-4)","background-image":"","background-repeat":"repeat","background-position":"center center","background-size":"auto","background-attachment":"scroll","background-type":"","background-media":"","overlay-type":"","overlay-color":"","overlay-opacity":"","overlay-gradient":""}}},"product_brand":[],"product_cat":[47],"product_tag":[],"class_list":{"0":"post-1575","1":"product","2":"type-product","3":"status-publish","4":"has-post-thumbnail","6":"product_cat-art-journal","7":"desktop-align-left","8":"tablet-align-left","9":"mobile-align-left","11":"first","12":"instock","13":"shipping-taxable","14":"purchasable","15":"product-type-simple"},"_links":{"self":[{"href":"https:\/\/wunderglaubeliebe.de\/index.php?rest_route=\/wp\/v2\/product\/1575","targetHints":{"allow":["GET"]}}],"collection":[{"href":"https:\/\/wunderglaubeliebe.de\/index.php?rest_route=\/wp\/v2\/product"}],"about":[{"href":"https:\/\/wunderglaubeliebe.de\/index.php?rest_route=\/wp\/v2\/types\/product"}],"wp:featuredmedia":[{"embeddable":true,"href":"https:\/\/wunderglaubeliebe.de\/index.php?rest_route=\/wp\/v2\/media\/1419"}],"wp:attachment":[{"href":"https:\/\/wunderglaubeliebe.de\/index.php?rest_route=%2Fwp%2Fv2%2Fmedia&parent=1575"}],"wp:term":[{"taxonomy":"product_brand","embeddable":true,"href":"https:\/\/wunderglaubeliebe.de\/index.php?rest_route=%2Fwp%2Fv2%2Fproduct_brand&post=1575"},{"taxonomy":"product_cat","embeddable":true,"href":"https:\/\/wunderglaubeliebe.de\/index.php?rest_route=%2Fwp%2Fv2%2Fproduct_cat&post=1575"},{"taxonomy":"product_tag","embeddable":true,"href":"https:\/\/wunderglaubeliebe.de\/index.php?rest_route=%2Fwp%2Fv2%2Fproduct_tag&post=1575"}],"curies":[{"name":"wp","href":"https:\/\/api.w.org\/{rel}","templated":true}]}}