{"id":392,"date":"2025-12-30T17:09:11","date_gmt":"2025-12-30T16:09:11","guid":{"rendered":"https:\/\/wunderglaubeliebe.de\/?post_type=product&#038;p=392"},"modified":"2026-05-12T12:01:31","modified_gmt":"2026-05-12T10:01:31","slug":"poesie-abo","status":"publish","type":"product","link":"https:\/\/wunderglaubeliebe.de\/?product=poesie-abo","title":{"rendered":"Poesie-Abo"},"content":{"rendered":"<p>F\u00fcr Dein Jahr voller Wunder, Glaube und Liebe findest Du jeden Monat zu einem bestimmten Lebensthema poetische Post in Deinem Briefkasten:\u00a012 Briefe mit Gedichten, liebevoll selbstgestalteten Karten, pers\u00f6nlichen Worten und kleinen \u00dcbungen,\u00a0die Dich im Alltag begleiten, Dein Nervensystem unterst\u00fctzen, Dich bewegen und Dein Herz ber\u00fchren. Jeder Brief ist ein besonderer Begleiter in Deinem Leben und eine Einladung f\u00fcr mehr Achtsamkeit, Verbindung, Entspannung, Erholung, innere Ruhe, Ankommen und Entdecken von Wundern, Glaube und Liebe.<\/p>\n<p style=\"font-weight: 400;\">\n","protected":false},"excerpt":{"rendered":"<p class=\"p1\"><strong><span class=\"s1\">\u270d\ufe0f Die n\u00e4chste Poesie-Abo-Reise startet im Januar 2027. \u00a0 \u00a0 \u00a0 \u00a0 \u00a0 \u00a0 \u00a0 \u00a0 \u00a0 \u00a0 \u00a0 \u00a0 \u00a0 \u00a0 \u00a0 \u00a0 \u00a0 \u00a0 \u00a0 \u00a0 \u00a0 \u00a0 \u00a0 \u00a0 \u00a0 \u00a0 \u00a0 \u00a0 \u00a0 \u00a0<\/span><\/strong><\/p>\n<p class=\"p1\">Dein Jahr voller Wunder, Glaube und Liebe:<\/p>\n<ul>\n<li>12 poetische Briefe<\/li>\n<li>Pers\u00f6nliche Worte<\/li>\n<li>Eigene Gedichte<\/li>\n<li>Selbstgestaltete Karten<\/li>\n<li>Kleine Impulse &amp; \u00dcbungen<\/li>\n<\/ul>\n<p style=\"font-weight: 400;\">Die Jahresbegleitung f\u00fcr Dich selbst oder als Geschenk f\u00fcr Deine Herzensmenschen.<\/p>\n<p><em>-&gt; Der Versand ist im Preis enthalten. Zeitraum: Februar 2026 &#8211; Februar 2027.<\/em><\/p>\n","protected":false},"featured_media":283,"template":"","meta":{"site-sidebar-layout":"default","site-content-layout":"","ast-site-content-layout":"default","site-content-style":"default","site-sidebar-style":"default","ast-global-header-display":"","ast-banner-title-visibility":"","ast-main-header-display":"","ast-hfb-above-header-display":"","ast-hfb-below-header-display":"","ast-hfb-mobile-header-display":"","site-post-title":"","ast-breadcrumbs-content":"","ast-featured-img":"","footer-sml-layout":"","theme-transparent-header-meta":"default","adv-header-id-meta":"","stick-header-meta":"","header-above-stick-meta":"","header-main-stick-meta":"","header-below-stick-meta":"","astra-migrate-meta-layouts":"set","ast-page-background-enabled":"default","ast-page-background-meta":{"desktop":{"background-color":"var(--ast-global-color-5)","background-image":"","background-repeat":"repeat","background-position":"center center","background-size":"auto","background-attachment":"scroll","background-type":"","background-media":"","overlay-type":"","overlay-color":"","overlay-opacity":"","overlay-gradient":""},"tablet":{"background-color":"","background-image":"","background-repeat":"repeat","background-position":"center center","background-size":"auto","background-attachment":"scroll","background-type":"","background-media":"","overlay-type":"","overlay-color":"","overlay-opacity":"","overlay-gradient":""},"mobile":{"background-color":"","background-image":"","background-repeat":"repeat","background-position":"center center","background-size":"auto","background-attachment":"scroll","background-type":"","background-media":"","overlay-type":"","overlay-color":"","overlay-opacity":"","overlay-gradient":""}},"ast-content-background-meta":{"desktop":{"background-color":"var(--ast-global-color-4)","background-image":"","background-repeat":"repeat","background-position":"center center","background-size":"auto","background-attachment":"scroll","background-type":"","background-media":"","overlay-type":"","overlay-color":"","overlay-opacity":"","overlay-gradient":""},"tablet":{"background-color":"var(--ast-global-color-4)","background-image":"","background-repeat":"repeat","background-position":"center center","background-size":"auto","background-attachment":"scroll","background-type":"","background-media":"","overlay-type":"","overlay-color":"","overlay-opacity":"","overlay-gradient":""},"mobile":{"background-color":"var(--ast-global-color-4)","background-image":"","background-repeat":"repeat","background-position":"center center","background-size":"auto","background-attachment":"scroll","background-type":"","background-media":"","overlay-type":"","overlay-color":"","overlay-opacity":"","overlay-gradient":""}}},"product_brand":[],"product_cat":[48],"product_tag":[20],"class_list":{"0":"post-392","1":"product","2":"type-product","3":"status-publish","4":"has-post-thumbnail","6":"product_cat-poesie-abo","7":"product_tag-jahres-abo","8":"desktop-align-left","9":"tablet-align-left","10":"mobile-align-left","12":"first","13":"instock","14":"shipping-taxable","15":"product-type-simple"},"_links":{"self":[{"href":"https:\/\/wunderglaubeliebe.de\/index.php?rest_route=\/wp\/v2\/product\/392","targetHints":{"allow":["GET"]}}],"collection":[{"href":"https:\/\/wunderglaubeliebe.de\/index.php?rest_route=\/wp\/v2\/product"}],"about":[{"href":"https:\/\/wunderglaubeliebe.de\/index.php?rest_route=\/wp\/v2\/types\/product"}],"wp:featuredmedia":[{"embeddable":true,"href":"https:\/\/wunderglaubeliebe.de\/index.php?rest_route=\/wp\/v2\/media\/283"}],"wp:attachment":[{"href":"https:\/\/wunderglaubeliebe.de\/index.php?rest_route=%2Fwp%2Fv2%2Fmedia&parent=392"}],"wp:term":[{"taxonomy":"product_brand","embeddable":true,"href":"https:\/\/wunderglaubeliebe.de\/index.php?rest_route=%2Fwp%2Fv2%2Fproduct_brand&post=392"},{"taxonomy":"product_cat","embeddable":true,"href":"https:\/\/wunderglaubeliebe.de\/index.php?rest_route=%2Fwp%2Fv2%2Fproduct_cat&post=392"},{"taxonomy":"product_tag","embeddable":true,"href":"https:\/\/wunderglaubeliebe.de\/index.php?rest_route=%2Fwp%2Fv2%2Fproduct_tag&post=392"}],"curies":[{"name":"wp","href":"https:\/\/api.w.org\/{rel}","templated":true}]}}